{"id":53,"date":"2026-05-10T10:39:43","date_gmt":"2026-05-10T07:39:43","guid":{"rendered":"https:\/\/4.sitedemo.name.tr\/?page_id=53"},"modified":"2026-05-10T10:39:43","modified_gmt":"2026-05-10T07:39:43","slug":"sepet","status":"publish","type":"page","link":"https:\/\/4.sitedemo.name.tr\/?page_id=53","title":{"rendered":"Sepet"},"content":{"rendered":"\n<div data-block-name=\"woocommerce\/cart\" class=\"wp-block-woocommerce-cart alignwide is-loading\">\n<div data-block-name=\"woocommerce\/filled-cart-block\" class=\"wp-block-woocommerce-filled-cart-block\">\n<div data-block-name=\"woocommerce\/cart-items-block\" class=\"wp-block-woocommerce-cart-items-block\">\n<div data-block-name=\"woocommerce\/cart-line-items-block\" class=\"wp-block-woocommerce-cart-line-items-block\"><\/div>\n\n\n<\/div>\n\n\n\n\n<div data-block-name=\"woocommerce\/cart-totals-block\" class=\"wp-block-woocommerce-cart-totals-block\">\n<div data-block-name=\"woocommerce\/cart-order-summary-block\" class=\"wp-block-woocommerce-cart-order-summary-block\">\n<div data-block-name=\"woocommerce\/cart-order-summary-heading-block\" class=\"wp-block-woocommerce-cart-order-summary-heading-block\"><\/div><div data-block-name=\"woocommerce\/cart-order-summary-coupon-form-block\" class=\"wp-block-woocommerce-cart-order-summary-coupon-form-block\"><\/div><div data-block-name=\"woocommerce\/cart-order-summary-totals-block\" class=\"wp-block-woocommerce-cart-order-summary-totals-block\">\n<div data-block-name=\"woocommerce\/cart-order-summary-subtotal-block\" class=\"wp-block-woocommerce-cart-order-summary-subtotal-block\"><\/div>\n<div data-block-name=\"woocommerce\/cart-order-summary-discount-block\" class=\"wp-block-woocommerce-cart-order-summary-discount-block\"><\/div>\n<div data-block-name=\"woocommerce\/cart-order-summary-fee-block\" class=\"wp-block-woocommerce-cart-order-summary-fee-block\"><\/div>\n<div data-block-name=\"woocommerce\/cart-order-summary-shipping-block\" class=\"wp-block-woocommerce-cart-order-summary-shipping-block\"><\/div>\n<div data-block-name=\"woocommerce\/cart-order-summary-taxes-block\" class=\"wp-block-woocommerce-cart-order-summary-taxes-block\"><\/div><\/div>\n<\/div>\n\n\n\n<div data-block-name=\"woocommerce\/cart-express-payment-block\" class=\"wp-block-woocommerce-cart-express-payment-block\"><\/div>\n\n\n\n<div data-block-name=\"woocommerce\/proceed-to-checkout-block\" class=\"wp-block-woocommerce-proceed-to-checkout-block\"><\/div>\n\n\n\n<div data-block-name=\"woocommerce\/cart-accepted-payment-methods-block\" class=\"wp-block-woocommerce-cart-accepted-payment-methods-block\"><\/div>\n<\/div>\n<\/div>\n\n\n\n<div data-block-name=\"woocommerce\/empty-cart-block\" class=\"wp-block-woocommerce-empty-cart-block\">\n<h2 class=\"wp-block-heading has-text-align-center with-empty-cart-icon wc-block-cart__empty-cart__title\">Sepetiniz \u015fu anda bo\u015f!<\/h2>\n\n\n\n<hr class=\"wp-block-separator has-alpha-channel-opacity is-style-dots\"\/>\n\n\n\n<h2 class=\"wp-block-heading has-text-align-center\">Ma\u011fazada yeni<\/h2>\n\n\n<div data-block-name=\"woocommerce\/product-new\" data-columns=\"4\" data-rows=\"1\" class=\"wc-block-grid wp-block-product-new wp-block-woocommerce-product-new wc-block-product-new has-4-columns\"><ul class=\"wc-block-grid__products\"><li class=\"wc-block-grid__product\">\n\t\t\t\t<a href=\"https:\/\/4.sitedemo.name.tr\/?product=trendyol-premium-organik-cilt-bakim-seti\" class=\"wc-block-grid__product-link\">\n\t\t\t\t\t<div class=\"wc-block-grid__product-onsale\">\n\t\t\t<span aria-hidden=\"true\">\u0130ndirim<\/span>\n\t\t\t<span class=\"screen-reader-text\">\u0130ndirimdeki \u00fcr\u00fcn<\/span>\n\t\t<\/div>\n\t\t\t\t\t<div class=\"wc-block-grid__product-image\"><img fetchpriority=\"high\" decoding=\"async\" width=\"300\" height=\"300\" src=\"https:\/\/4.sitedemo.name.tr\/wp-content\/uploads\/woocommerce-placeholder.webp\" class=\"woocommerce-placeholder wp-post-image\" alt=\"\" srcset=\"https:\/\/4.sitedemo.name.tr\/wp-content\/uploads\/woocommerce-placeholder.webp 1200w, https:\/\/4.sitedemo.name.tr\/wp-content\/uploads\/woocommerce-placeholder-300x300.webp 300w, https:\/\/4.sitedemo.name.tr\/wp-content\/uploads\/woocommerce-placeholder-1024x1024.webp 1024w, https:\/\/4.sitedemo.name.tr\/wp-content\/uploads\/woocommerce-placeholder-150x150.webp 150w, https:\/\/4.sitedemo.name.tr\/wp-content\/uploads\/woocommerce-placeholder-768x768.webp 768w\" sizes=\"(max-width: 300px) 100vw, 300px\" \/><\/div>\n\t\t\t\t\t<div class=\"wc-block-grid__product-title\">Trendyol Premium Organik Cilt Bak\u0131m Seti<\/div>\n\t\t\t\t<\/a>\n\t\t\t\t<div class=\"wc-block-grid__product-price price\"><del aria-hidden=\"true\"><span class=\"woocommerce-Price-amount amount\"><span class=\"woocommerce-Price-currencySymbol\">&#8378;<\/span>599,90<\/span><\/del> <span class=\"screen-reader-text\">Orijinal fiyat: &#8378;599,90.<\/span><ins aria-hidden=\"true\"><span class=\"woocommerce-Price-amount amount\"><span class=\"woocommerce-Price-currencySymbol\">&#8378;<\/span>449,90<\/span><\/ins><span class=\"screen-reader-text\">\u015eu andaki fiyat: &#8378;449,90.<\/span><\/div>\n\t\t\t\t\n\t\t\t\t<div class=\"wp-block-button wc-block-grid__product-add-to-cart\"><a href=\"\/index.php?rest_route=%2Fwp%2Fv2%2Fpages%2F53&#038;add-to-cart=110\" aria-label=\"Sepete ekle: \u201cTrendyol Premium Organik Cilt Bak\u0131m Seti\u201d\" data-quantity=\"1\" data-product_id=\"110\" data-product_sku=\"TR-PREM-1778401599\" data-price=\"449.9\" rel=\"nofollow\" class=\"wp-block-button__link  add_to_cart_button ajax_add_to_cart\">Sepete Ekle<\/a><\/div>\n\t\t\t<\/li><li class=\"wc-block-grid__product\">\n\t\t\t\t<a href=\"https:\/\/4.sitedemo.name.tr\/?product=trendyol-test-urunu-demo\" class=\"wc-block-grid__product-link\">\n\t\t\t\t\t\n\t\t\t\t\t<div class=\"wc-block-grid__product-image\"><img fetchpriority=\"high\" decoding=\"async\" width=\"300\" height=\"300\" src=\"https:\/\/4.sitedemo.name.tr\/wp-content\/uploads\/woocommerce-placeholder.webp\" class=\"woocommerce-placeholder wp-post-image\" alt=\"\" srcset=\"https:\/\/4.sitedemo.name.tr\/wp-content\/uploads\/woocommerce-placeholder.webp 1200w, https:\/\/4.sitedemo.name.tr\/wp-content\/uploads\/woocommerce-placeholder-300x300.webp 300w, https:\/\/4.sitedemo.name.tr\/wp-content\/uploads\/woocommerce-placeholder-1024x1024.webp 1024w, https:\/\/4.sitedemo.name.tr\/wp-content\/uploads\/woocommerce-placeholder-150x150.webp 150w, https:\/\/4.sitedemo.name.tr\/wp-content\/uploads\/woocommerce-placeholder-768x768.webp 768w\" sizes=\"(max-width: 300px) 100vw, 300px\" \/><\/div>\n\t\t\t\t\t<div class=\"wc-block-grid__product-title\">Trendyol Test \u00dcr\u00fcn\u00fc (Demo)<\/div>\n\t\t\t\t<\/a>\n\t\t\t\t<div class=\"wc-block-grid__product-price price\"><span class=\"woocommerce-Price-amount amount\"><span class=\"woocommerce-Price-currencySymbol\">&#8378;<\/span>199,90<\/span><\/div>\n\t\t\t\t\n\t\t\t\t<div class=\"wp-block-button wc-block-grid__product-add-to-cart\"><a href=\"\/index.php?rest_route=%2Fwp%2Fv2%2Fpages%2F53&#038;add-to-cart=108\" aria-label=\"Sepete ekle: \u201cTrendyol Test \u00dcr\u00fcn\u00fc (Demo)\u201d\" data-quantity=\"1\" data-product_id=\"108\" data-product_sku=\"TR-DEMO-1778401180\" data-price=\"199.9\" rel=\"nofollow\" class=\"wp-block-button__link  add_to_cart_button ajax_add_to_cart\">Sepete Ekle<\/a><\/div>\n\t\t\t<\/li><li class=\"wc-block-grid__product\">\n\t\t\t\t<a href=\"https:\/\/4.sitedemo.name.tr\/?product=test\" class=\"wc-block-grid__product-link\">\n\t\t\t\t\t\n\t\t\t\t\t<div class=\"wc-block-grid__product-image\"><img fetchpriority=\"high\" decoding=\"async\" width=\"300\" height=\"300\" src=\"https:\/\/4.sitedemo.name.tr\/wp-content\/uploads\/woocommerce-placeholder.webp\" class=\"woocommerce-placeholder wp-post-image\" alt=\"\" srcset=\"https:\/\/4.sitedemo.name.tr\/wp-content\/uploads\/woocommerce-placeholder.webp 1200w, https:\/\/4.sitedemo.name.tr\/wp-content\/uploads\/woocommerce-placeholder-300x300.webp 300w, https:\/\/4.sitedemo.name.tr\/wp-content\/uploads\/woocommerce-placeholder-1024x1024.webp 1024w, https:\/\/4.sitedemo.name.tr\/wp-content\/uploads\/woocommerce-placeholder-150x150.webp 150w, https:\/\/4.sitedemo.name.tr\/wp-content\/uploads\/woocommerce-placeholder-768x768.webp 768w\" sizes=\"(max-width: 300px) 100vw, 300px\" \/><\/div>\n\t\t\t\t\t<div class=\"wc-block-grid__product-title\">test<\/div>\n\t\t\t\t<\/a>\n\t\t\t\t<div class=\"wc-block-grid__product-price price\"><\/div>\n\t\t\t\t\n\t\t\t\t<div class=\"wp-block-button wc-block-grid__product-add-to-cart\"><a href=\"https:\/\/4.sitedemo.name.tr\/?product=test\" aria-label=\"&ldquo;test&rdquo; hakk\u0131nda daha fazla bilgi edinin\" data-quantity=\"1\" data-product_id=\"106\" data-product_sku=\"\" data-price=\"0\" rel=\"nofollow\" class=\"wp-block-button__link  add_to_cart_button\">Devam\u0131n\u0131 oku<\/a><\/div>\n\t\t\t<\/li><\/ul><\/div><\/div>\n<\/div>\n","protected":false},"excerpt":{"rendered":"","protected":false},"author":1,"featured_media":0,"parent":0,"menu_order":0,"comment_status":"closed","ping_status":"closed","template":"","meta":{"footnotes":""},"class_list":["post-53","page","type-page","status-publish","hentry"],"_links":{"self":[{"href":"https:\/\/4.sitedemo.name.tr\/index.php?rest_route=\/wp\/v2\/pages\/53","targetHints":{"allow":["GET"]}}],"collection":[{"href":"https:\/\/4.sitedemo.name.tr\/index.php?rest_route=\/wp\/v2\/pages"}],"about":[{"href":"https:\/\/4.sitedemo.name.tr\/index.php?rest_route=\/wp\/v2\/types\/page"}],"author":[{"embeddable":true,"href":"https:\/\/4.sitedemo.name.tr\/index.php?rest_route=\/wp\/v2\/users\/1"}],"replies":[{"embeddable":true,"href":"https:\/\/4.sitedemo.name.tr\/index.php?rest_route=%2Fwp%2Fv2%2Fcomments&post=53"}],"version-history":[{"count":0,"href":"https:\/\/4.sitedemo.name.tr\/index.php?rest_route=\/wp\/v2\/pages\/53\/revisions"}],"wp:attachment":[{"href":"https:\/\/4.sitedemo.name.tr\/index.php?rest_route=%2Fwp%2Fv2%2Fmedia&parent=53"}],"curies":[{"name":"wp","href":"https:\/\/api.w.org\/{rel}","templated":true}]}}